{"id":2,"date":"2026-03-02T19:44:17","date_gmt":"2026-03-02T19:44:17","guid":{"rendered":"http:\/\/azcarrosserie.ch\/?page_id=2"},"modified":"2026-03-24T21:11:00","modified_gmt":"2026-03-24T21:11:00","slug":"sample-page","status":"publish","type":"page","link":"https:\/\/azcarrosserie.ch\/?page_id=2","title":{"rendered":"Nos prestations"},"content":{"rendered":"\n<div class=\"wp-block-buttons is-content-justification-center is-layout-flex wp-container-core-buttons-is-layout-a89b3969 wp-block-buttons-is-layout-flex\">\n<div class=\"wp-block-button is-style-fill\"><a class=\"wp-block-button__link has-background has-text-align-center wp-element-button\" href=\"https:\/\/azcarrosserie.ch\/?page_id=71\" style=\"background-color:#deb85f\">Contactez-nous pour un devis !<\/a><\/div>\n<\/div>\n\n\n\n<p class=\"has-text-align-center has-ast-global-color-0-color has-text-color has-link-color wp-elements-bd65fe6f9ab6be54cef33be155687db6\"><strong>\ud83d\ude97 Devis gratuit &#8211; Intervention rapide &#8211; Service premium<\/strong><\/p>\n\n\n\n<p class=\"has-text-align-center has-ast-global-color-0-color has-text-color has-link-color wp-elements-bfbdd2dfa04f29c606b76f55310ee398\">Profitez d&#8217;un devis <strong>100% gratuit et sans engagement<\/strong> pour tous vos travaux de carrosserie.<\/p>\n\n\n\n<p class=\"has-text-align-center has-ast-global-color-0-color has-text-color has-link-color wp-elements-66ff51b3bb839fb3292c55729f6a2a7b\">Notre \u00e9quipe intervient <strong>rapidement<\/strong> pour vous garantir un r\u00e9sultat impeccable dans les meilleurs d\u00e9lais. Faites confiance \u00e0 <strong>un service professionnel et soign\u00e9<\/strong>, adapt\u00e9 \u00e0 toutes les marques de v\u00e9hicules.<\/p>\n\n\n\n<p class=\"has-text-align-center has-ast-global-color-0-color has-text-color has-link-color wp-elements-966094ccb54135fce062b0c5e5c7297b\">\ud83e\udd1d&nbsp;<strong>Carrosserie partenaire&nbsp;AXA<\/strong><\/p>\n\n\n\n<p class=\"has-text-align-center has-ast-global-color-0-color has-text-color has-link-color wp-elements-3948bfce3e37aea6e299b81af3988124\">\ud83c\udf81 Et pour votre confort : le lavage de votre voiture est offert apr\u00e8s chaque intervention !<\/p>\n\n\n\n<p class=\"has-text-align-center\"><\/p>\n\n\n\n<h3 class=\"wp-block-heading\">1\/ R\u00e9paration de carrosserie<\/h3>\n\n\n\n<p class=\"has-ast-global-color-0-color has-text-color has-link-color wp-elements-a18b04fe5b9268f5e37d7a8cd440aefd\">Nous proposons des services complets de carrosserie, quels que soient les d\u00e9g\u00e2ts subis par votre v\u00e9hicule. Qu&#8217;il s&#8217;agisse d&#8217;un accident, d&#8217;une bosse, ou d&#8217;une rayure, nous r\u00e9parons toutes les marques avec une expertise de haut niveau.<\/p>\n\n\n\n<h3 class=\"wp-block-heading\">2\/ Peinture et spot repair<\/h3>\n\n\n\n<p class=\"has-ast-global-color-0-color has-text-color has-link-color wp-elements-b86569fe3de2300030fac99fa7f90175\">Pour redonner \u00e0 votre v\u00e9hicule son aspect d&#8217;origine, nous offrons des services de peinture professionnelle adapt\u00e9s \u00e0 chaque type de carrosserie. Que ce soit pour peinture compl\u00e8te ou un spot repair (r\u00e9paration localis\u00e9e de petites \u00e9raflures ou impacts).<\/p>\n\n\n\n<h3 class=\"wp-block-heading\">3\/ D\u00e9bosselage sans peinture<\/h3>\n\n\n\n<p class=\"has-ast-global-color-0-color has-text-color has-link-color wp-elements-aa9678f18baf0cb0b0ca5f725b69c7a3\">Si votre v\u00e9hicule a subi des bosses sans endommager la peinture, ce service est la solution id\u00e9ale.<\/p>\n\n\n\n<h3 class=\"wp-block-heading\">4\/ Remplacement de pare-brise<\/h3>\n\n\n\n<p class=\"has-ast-global-color-0-color has-text-color has-link-color wp-elements-edd878b9340fd101914952cdea468429\">Un pare-brise endommag\u00e9 peut rapidement devenir un danger pour votre s\u00e9curit\u00e9. Nous proposons des services de remplacement de pare-brise pour toutes les marques de v\u00e9hicules.<\/p>\n\n\n\n<h3 class=\"wp-block-heading\">5\/ Remplacement de pneumatiques &amp; freinage <\/h3>\n\n\n\n<p class=\"has-ast-global-color-0-color has-text-color has-link-color wp-elements-f14ed915056ca2b497132dbe110e9f94\">Que ce soit pour un changement de pneus saisonnier ou pour remplacer des pneus us\u00e9s, nous proposons des services de remplacement avec des pneus de qualit\u00e9 adapt\u00e9s \u00e0 votre v\u00e9hicule et \u00e0 vos besoins.<\/p>\n\n\n\n<p class=\"has-ast-global-color-0-color has-text-color has-link-color wp-elements-520d84da746347bbd33eed96b1767870\">Nous effectuons \u00e9galement la r\u00e9paration et le remplacement des syst\u00e8mes de freinage pour garantir votre s\u00e9curit\u00e9 sur la route.<\/p>\n\n\n\n<h3 class=\"wp-block-heading\">6\/ R\u00e9paration de jantes<\/h3>\n\n\n\n<p class=\"has-ast-global-color-0-color has-text-color has-link-color wp-elements-ffad74f54e7f020126757ae470e8952f\">Les jantes peuvent souvent \u00eatre endommag\u00e9es par les chocs ou des \u00e9raflures, nous proposons \u00e9galement un service de r\u00e9paration de jantes.<\/p>\n\n\n\n<p><\/p>\n","protected":false},"excerpt":{"rendered":"<p>\ud83d\ude97 Devis gratuit &#8211; Intervention rapide &#8211; Service premium Profitez d&#8217;un devis 100% gratuit et sans engagement pour tous vos [&hellip;]<\/p>\n","protected":false},"author":1,"featured_media":0,"parent":0,"menu_order":0,"comment_status":"closed","ping_status":"open","template":"","meta":{"site-sidebar-layout":"default","site-content-layout":"","ast-site-content-layout":"default","site-content-style":"default","site-sidebar-style":"default","ast-global-header-display":"","ast-banner-title-visibility":"","ast-main-header-display":"","ast-hfb-above-header-display":"","ast-hfb-below-header-display":"","ast-hfb-mobile-header-display":"","site-post-title":"","ast-breadcrumbs-content":"","ast-featured-img":"","footer-sml-layout":"","ast-disable-related-posts":"","theme-transparent-header-meta":"","adv-header-id-meta":"","stick-header-meta":"","header-above-stick-meta":"","header-main-stick-meta":"","header-below-stick-meta":"","astra-migrate-meta-layouts":"default","ast-page-background-enabled":"default","ast-page-background-meta":{"desktop":{"background-color":"var(--ast-global-color-5)","background-image":"","background-repeat":"repeat","background-position":"center center","background-size":"auto","background-attachment":"scroll","background-type":"","background-media":"","overlay-type":"","overlay-color":"","overlay-opacity":"","overlay-gradient":""},"tablet":{"background-color":"","background-image":"","background-repeat":"repeat","background-position":"center center","background-size":"auto","background-attachment":"scroll","background-type":"","background-media":"","overlay-type":"","overlay-color":"","overlay-opacity":"","overlay-gradient":""},"mobile":{"background-color":"","background-image":"","background-repeat":"repeat","background-position":"center center","background-size":"auto","background-attachment":"scroll","background-type":"","background-media":"","overlay-type":"","overlay-color":"","overlay-opacity":"","overlay-gradient":""}},"ast-content-background-meta":{"desktop":{"background-color":"var(--ast-global-color-4)","background-image":"","background-repeat":"repeat","background-position":"center center","background-size":"auto","background-attachment":"scroll","background-type":"","background-media":"","overlay-type":"","overlay-color":"","overlay-opacity":"","overlay-gradient":""},"tablet":{"background-color":"var(--ast-global-color-4)","background-image":"","background-repeat":"repeat","background-position":"center center","background-size":"auto","background-attachment":"scroll","background-type":"","background-media":"","overlay-type":"","overlay-color":"","overlay-opacity":"","overlay-gradient":""},"mobile":{"background-color":"var(--ast-global-color-4)","background-image":"","background-repeat":"repeat","background-position":"center center","background-size":"auto","background-attachment":"scroll","background-type":"","background-media":"","overlay-type":"","overlay-color":"","overlay-opacity":"","overlay-gradient":""}},"footnotes":""},"class_list":["post-2","page","type-page","status-publish","hentry"],"_links":{"self":[{"href":"https:\/\/azcarrosserie.ch\/index.php?rest_route=\/wp\/v2\/pages\/2","targetHints":{"allow":["GET"]}}],"collection":[{"href":"https:\/\/azcarrosserie.ch\/index.php?rest_route=\/wp\/v2\/pages"}],"about":[{"href":"https:\/\/azcarrosserie.ch\/index.php?rest_route=\/wp\/v2\/types\/page"}],"author":[{"embeddable":true,"href":"https:\/\/azcarrosserie.ch\/index.php?rest_route=\/wp\/v2\/users\/1"}],"replies":[{"embeddable":true,"href":"https:\/\/azcarrosserie.ch\/index.php?rest_route=%2Fwp%2Fv2%2Fcomments&post=2"}],"version-history":[{"count":8,"href":"https:\/\/azcarrosserie.ch\/index.php?rest_route=\/wp\/v2\/pages\/2\/revisions"}],"predecessor-version":[{"id":99,"href":"https:\/\/azcarrosserie.ch\/index.php?rest_route=\/wp\/v2\/pages\/2\/revisions\/99"}],"wp:attachment":[{"href":"https:\/\/azcarrosserie.ch\/index.php?rest_route=%2Fwp%2Fv2%2Fmedia&parent=2"}],"curies":[{"name":"wp","href":"https:\/\/api.w.org\/{rel}","templated":true}]}}